{"id":5801,"date":"2024-05-04T02:19:34","date_gmt":"2024-05-04T02:19:34","guid":{"rendered":"https:\/\/www.tektug.com\/?page_id=5801"},"modified":"2025-02-02T19:55:52","modified_gmt":"2025-02-02T19:55:52","slug":"talep-formu","status":"publish","type":"page","link":"http:\/\/www.tektug.com\/en\/energy-demand-form\/","title":{"rendered":"Talep Formu"},"content":{"rendered":"\t\t<div data-elementor-type=\"wp-page\" data-elementor-id=\"5801\" class=\"elementor elementor-5801\" data-elementor-post-type=\"page\">\n\t\t\t\t\t\t<section class=\"elementor-section elementor-top-section elementor-element elementor-element-1c61f52 elementor-section-stretched elementor-section-boxed elementor-section-height-default elementor-section-height-default\" data-id=\"1c61f52\" data-element_type=\"section\" data-e-type=\"section\" data-settings=\"{&quot;stretch_section&quot;:&quot;section-stretched&quot;,&quot;background_background&quot;:&quot;classic&quot;}\">\n\t\t\t\t\t\t<div class=\"elementor-container elementor-column-gap-extended\">\n\t\t\t\t\t<div class=\"elementor-column elementor-col-100 elementor-top-column elementor-element elementor-element-0f62b34\" data-id=\"0f62b34\" data-element_type=\"column\" data-e-type=\"column\">\n\t\t\t<div class=\"elementor-widget-wrap elementor-element-populated\">\n\t\t\t\t\t\t<div class=\"elementor-element elementor-element-0e2b648 elementor-absolute elementor-widget elementor-widget-image\" data-id=\"0e2b648\" data-element_type=\"widget\" data-e-type=\"widget\" data-settings=\"{&quot;_position&quot;:&quot;absolute&quot;}\" data-widget_type=\"image.default\">\n\t\t\t\t<div class=\"elementor-widget-container\">\n\t\t\t\t\t\t\t\t\t\t\t\t\t\t\t<img fetchpriority=\"high\" decoding=\"async\" width=\"586\" height=\"630\" src=\"https:\/\/www.tektug.com\/wp-content\/uploads\/2022\/01\/home1-bg5.png\" class=\"attachment-full size-full wp-image-655\" alt=\"\" srcset=\"https:\/\/www.tektug.com\/wp-content\/uploads\/2022\/01\/home1-bg5.png 586w, https:\/\/www.tektug.com\/wp-content\/uploads\/2022\/01\/home1-bg5-470x505.png 470w, https:\/\/www.tektug.com\/wp-content\/uploads\/2022\/01\/home1-bg5-279x300.png 279w\" sizes=\"(max-width: 586px) 100vw, 586px\" \/>\t\t\t\t\t\t\t\t\t\t\t\t\t\t\t<\/div>\n\t\t\t\t<\/div>\n\t\t\t\t<div class=\"elementor-element elementor-element-45c3f75 elementor-widget elementor-widget-energium_heading\" data-id=\"45c3f75\" data-element_type=\"widget\" data-e-type=\"widget\" data-widget_type=\"energium_heading.default\">\n\t\t\t\t<div class=\"elementor-widget-container\">\n\t\t\t\t\t<div class=\"energium-heading-widget\"><h1 class=\"energium-heading\"><span class=\"energium-heading-content\">Enerji Talep Formu<\/span><\/h1><\/div>\t\t\t\t<\/div>\n\t\t\t\t<\/div>\n\t\t\t\t<section class=\"elementor-section elementor-inner-section elementor-element elementor-element-08759fc elementor-section-full_width elementor-section-height-default elementor-section-height-default\" data-id=\"08759fc\" data-element_type=\"section\" data-e-type=\"section\">\n\t\t\t\t\t\t<div class=\"elementor-container elementor-column-gap-extended\">\n\t\t\t\t\t<div class=\"elementor-column elementor-col-100 elementor-inner-column elementor-element elementor-element-6be8707\" data-id=\"6be8707\" data-element_type=\"column\" data-e-type=\"column\">\n\t\t\t<div class=\"elementor-widget-wrap elementor-element-populated\">\n\t\t\t\t\t\t<div class=\"elementor-element elementor-element-d4309f3 elementor-widget elementor-widget-energium_wpforms\" data-id=\"d4309f3\" data-element_type=\"widget\" data-e-type=\"widget\" data-widget_type=\"energium_wpforms.default\">\n\t\t\t\t<div class=\"elementor-widget-container\">\n\t\t\t\t\t        <div class=\"energium-wpforms-widget\">\n            <style id=\"wpforms-css-vars-5876\">\n\t\t\t\t#wpforms-5876 {\n\t\t\t\t\n\t\t\t}\n\t\t\t<\/style><div class=\"wpforms-container wpforms-container-full wpforms-render-modern\" id=\"wpforms-5876\"><form id=\"wpforms-form-5876\" class=\"wpforms-validate wpforms-form wpforms-ajax-form\" data-formid=\"5876\" method=\"post\" enctype=\"multipart\/form-data\" action=\"\/en\/wp-json\/wp\/v2\/pages\/5801\" data-token=\"65d327c1c762c4e0bdf7babc53f55df3\" data-token-time=\"1776578579\"><noscript class=\"wpforms-error-noscript\">Please enable JavaScript in your browser to complete this form.<\/noscript><div id=\"wpforms-error-noscript\" style=\"display: none;\">Please enable JavaScript in your browser to complete this form.<\/div><div class=\"wpforms-field-container\"><div id=\"wpforms-5876-field_2-container\" class=\"wpforms-field wpforms-field-text\" data-field-id=\"2\"><div class=\"wpforms-field-wrapper energium-form-field\"><div class=\"energium-label-wrapper\"><div class=\"energium-form-field-border-angle\"><\/div><label class=\"wpforms-field-label\" for=\"wpforms-5876-field_2\">Ayl\u0131k Fatura Tutar\u0131 (TL) <span class=\"wpforms-required-label\" aria-hidden=\"true\">*<\/span><\/label><div class=\"energium-form-field-border-top\"><\/div><\/div><input type=\"text\" id=\"wpforms-5876-field_2\" class=\"wpforms-field-medium wpforms-field-required\" name=\"wpforms[fields][2]\" aria-errormessage=\"wpforms-5876-field_2-error\" required><div class=\"energium-form-field-border-bottom\"><\/div><\/div><\/div><div id=\"wpforms-5876-field_3-container\" class=\"wpforms-field wpforms-field-text\" data-field-id=\"3\"><div class=\"wpforms-field-wrapper energium-form-field\"><div class=\"energium-label-wrapper\"><div class=\"energium-form-field-border-angle\"><\/div><label class=\"wpforms-field-label\" for=\"wpforms-5876-field_3\">Ayl\u0131k T\u00fcketim Miktar\u0131 (kWh) <span class=\"wpforms-required-label\" aria-hidden=\"true\">*<\/span><\/label><div class=\"energium-form-field-border-top\"><\/div><\/div><input type=\"text\" id=\"wpforms-5876-field_3\" class=\"wpforms-field-medium wpforms-field-required\" name=\"wpforms[fields][3]\" aria-errormessage=\"wpforms-5876-field_3-error\" required><div class=\"energium-form-field-border-bottom\"><\/div><\/div><\/div><div id=\"wpforms-5876-field_4-container\" class=\"wpforms-field wpforms-field-text\" data-field-id=\"4\"><div class=\"wpforms-field-wrapper energium-form-field\"><div class=\"energium-label-wrapper\"><div class=\"energium-form-field-border-angle\"><\/div><label class=\"wpforms-field-label\" for=\"wpforms-5876-field_4\">Tarife <span class=\"wpforms-required-label\" aria-hidden=\"true\">*<\/span><\/label><div class=\"energium-form-field-border-top\"><\/div><\/div><input type=\"text\" id=\"wpforms-5876-field_4\" class=\"wpforms-field-medium wpforms-field-required\" name=\"wpforms[fields][4]\" aria-errormessage=\"wpforms-5876-field_4-error\" required><div class=\"energium-form-field-border-bottom\"><\/div><\/div><\/div><div id=\"wpforms-5876-field_5-container\" class=\"wpforms-field wpforms-field-text\" data-field-id=\"5\"><div class=\"wpforms-field-wrapper energium-form-field\"><div class=\"energium-label-wrapper\"><div class=\"energium-form-field-border-angle\"><\/div><label class=\"wpforms-field-label\" for=\"wpforms-5876-field_5\">Bulundu\u011funuz \u0130l <span class=\"wpforms-required-label\" aria-hidden=\"true\">*<\/span><\/label><div class=\"energium-form-field-border-top\"><\/div><\/div><input type=\"text\" id=\"wpforms-5876-field_5\" class=\"wpforms-field-medium wpforms-field-required\" name=\"wpforms[fields][5]\" aria-errormessage=\"wpforms-5876-field_5-error\" required><div class=\"energium-form-field-border-bottom\"><\/div><\/div><\/div><div id=\"wpforms-5876-field_6-container\" class=\"wpforms-field wpforms-field-text\" data-field-id=\"6\"><div class=\"wpforms-field-wrapper energium-form-field\"><div class=\"energium-label-wrapper\"><div class=\"energium-form-field-border-angle\"><\/div><label class=\"wpforms-field-label\" for=\"wpforms-5876-field_6\">Firma \u00dcnvan\u0131 <span class=\"wpforms-required-label\" aria-hidden=\"true\">*<\/span><\/label><div class=\"energium-form-field-border-top\"><\/div><\/div><input type=\"text\" id=\"wpforms-5876-field_6\" class=\"wpforms-field-medium wpforms-field-required\" name=\"wpforms[fields][6]\" aria-errormessage=\"wpforms-5876-field_6-error\" required><div class=\"energium-form-field-border-bottom\"><\/div><\/div><\/div><div id=\"wpforms-5876-field_14-container\" class=\"wpforms-field wpforms-field-text\" data-field-id=\"14\"><div class=\"wpforms-field-wrapper energium-form-field\"><div class=\"energium-label-wrapper\"><div class=\"energium-form-field-border-angle\"><\/div><label class=\"wpforms-field-label\" for=\"wpforms-5876-field_14\">Yetkili Ki\u015fi <span class=\"wpforms-required-label\" aria-hidden=\"true\">*<\/span><\/label><div class=\"energium-form-field-border-top\"><\/div><\/div><input type=\"text\" id=\"wpforms-5876-field_14\" class=\"wpforms-field-medium wpforms-field-required\" name=\"wpforms[fields][14]\" aria-errormessage=\"wpforms-5876-field_14-error\" aria-describedby=\"wpforms-5876-field_14-description\" required><div class=\"energium-form-field-border-bottom\"><\/div><\/div><div id=\"wpforms-5876-field_14-description\" class=\"wpforms-field-description\">Ad Soyad<\/div><\/div><div id=\"wpforms-5876-field_11-container\" class=\"wpforms-field wpforms-field-email\" data-field-id=\"11\"><div class=\"wpforms-field-wrapper energium-form-field\"><div class=\"energium-label-wrapper\"><div class=\"energium-form-field-border-angle\"><\/div><label class=\"wpforms-field-label\" for=\"wpforms-5876-field_11\">E-posta <span class=\"wpforms-required-label\" aria-hidden=\"true\">*<\/span><\/label><div class=\"energium-form-field-border-top\"><\/div><\/div><input type=\"email\" id=\"wpforms-5876-field_11\" class=\"wpforms-field-medium wpforms-field-required\" name=\"wpforms[fields][11]\" spellcheck=\"false\" aria-errormessage=\"wpforms-5876-field_11-error\" required><div class=\"energium-form-field-border-bottom\"><\/div><\/div><\/div><div id=\"wpforms-5876-field_13-container\" class=\"wpforms-field wpforms-field-number\" data-field-id=\"13\"><div class=\"wpforms-field-wrapper energium-form-field\"><div class=\"energium-label-wrapper\"><div class=\"energium-form-field-border-angle\"><\/div><label class=\"wpforms-field-label\" for=\"wpforms-5876-field_13\">Telefon <\/label><div class=\"energium-form-field-border-top\"><\/div><\/div><input type=\"number\" id=\"wpforms-5876-field_13\" class=\"wpforms-field-medium\" name=\"wpforms[fields][13]\" step=\"any\" aria-errormessage=\"wpforms-5876-field_13-error\" aria-describedby=\"wpforms-5876-field_13-description\" ><div class=\"energium-form-field-border-bottom\"><\/div><\/div><div id=\"wpforms-5876-field_13-description\" class=\"wpforms-field-description\">\u00d6rn: 555 55 55 55<\/div><\/div><div id=\"wpforms-5876-field_12-container\" class=\"wpforms-field wpforms-field-textarea\" data-field-id=\"12\"><div class=\"wpforms-field-wrapper energium-form-field\"><div class=\"energium-label-wrapper\"><div class=\"energium-form-field-border-angle\"><\/div><label class=\"wpforms-field-label\" for=\"wpforms-5876-field_12\">Talebinizle ilgili notlar\u0131n\u0131z<\/label><div class=\"energium-form-field-border-top\"><\/div><\/div><textarea id=\"wpforms-5876-field_12\" class=\"wpforms-field-medium\" name=\"wpforms[fields][12]\" aria-errormessage=\"wpforms-5876-field_12-error\" ><\/textarea><div class=\"energium-form-field-border-bottom\"><\/div><\/div><\/div><\/div><!-- .wpforms-field-container --><div class=\"wpforms-submit-container\" ><input type=\"hidden\" name=\"wpforms[id]\" value=\"5876\"><input type=\"hidden\" name=\"page_title\" value=\"\"><input type=\"hidden\" name=\"page_url\" value=\"http:\/\/www.tektug.com\/en\/wp-json\/wp\/v2\/pages\/5801\"><input type=\"hidden\" name=\"url_referer\" value=\"\"><button type=\"submit\" name=\"wpforms[submit]\" id=\"wpforms-submit-5876\" class=\"wpforms-submit\" data-alt-text=\"G\u00f6nderiliyor\" data-submit-text=\"G\u00f6nder\" aria-live=\"assertive\" value=\"wpforms-submit\">G\u00f6nder<\/button><img decoding=\"async\" src=\"http:\/\/www.tektug.com\/wp-content\/plugins\/wpforms-lite\/assets\/images\/submit-spin.svg\" class=\"wpforms-submit-spinner\" style=\"display: none;\" width=\"26\" height=\"26\" alt=\"Loading\"><\/div><\/form><\/div>  <!-- .wpforms-container -->        <\/div>\n        \t\t\t\t<\/div>\n\t\t\t\t<\/div>\n\t\t\t\t\t<\/div>\n\t\t<\/div>\n\t\t\t\t\t<\/div>\n\t\t<\/section>\n\t\t\t\t\t<\/div>\n\t\t<\/div>\n\t\t\t\t\t<\/div>\n\t\t<\/section>\n\t\t\t\t<\/div>\n\t\t","protected":false},"excerpt":{"rendered":"","protected":false},"author":1,"featured_media":0,"parent":0,"menu_order":0,"comment_status":"closed","ping_status":"closed","template":"","meta":{"footnotes":""},"class_list":["post-5801","page","type-page","status-publish","hentry"],"_links":{"self":[{"href":"http:\/\/www.tektug.com\/en\/wp-json\/wp\/v2\/pages\/5801","targetHints":{"allow":["GET"]}}],"collection":[{"href":"http:\/\/www.tektug.com\/en\/wp-json\/wp\/v2\/pages"}],"about":[{"href":"http:\/\/www.tektug.com\/en\/wp-json\/wp\/v2\/types\/page"}],"author":[{"embeddable":true,"href":"http:\/\/www.tektug.com\/en\/wp-json\/wp\/v2\/users\/1"}],"replies":[{"embeddable":true,"href":"http:\/\/www.tektug.com\/en\/wp-json\/wp\/v2\/comments?post=5801"}],"version-history":[{"count":3,"href":"http:\/\/www.tektug.com\/en\/wp-json\/wp\/v2\/pages\/5801\/revisions"}],"predecessor-version":[{"id":6561,"href":"http:\/\/www.tektug.com\/en\/wp-json\/wp\/v2\/pages\/5801\/revisions\/6561"}],"wp:attachment":[{"href":"http:\/\/www.tektug.com\/en\/wp-json\/wp\/v2\/media?parent=5801"}],"curies":[{"name":"wp","href":"https:\/\/api.w.org\/{rel}","templated":true}]}}