{"id":5775,"date":"2024-05-04T02:06:09","date_gmt":"2024-05-04T02:06:09","guid":{"rendered":"https:\/\/www.tektug.com\/?page_id=5775"},"modified":"2025-02-02T19:54:20","modified_gmt":"2025-02-02T19:54:20","slug":"enerji-uretimi-ve-satisi","status":"publish","type":"page","link":"https:\/\/www.tektug.com\/en\/energy-production-and-sales\/","title":{"rendered":"Energy Production and Sales"},"content":{"rendered":"<div data-elementor-type=\"wp-page\" data-elementor-id=\"5775\" class=\"elementor elementor-5775\" data-elementor-post-type=\"page\">\n\t\t\t\t\t\t<section class=\"elementor-section elementor-top-section elementor-element elementor-element-1465769 elementor-section-full_width elementor-section-stretched elementor-section-height-default elementor-section-height-default\" data-id=\"1465769\" data-element_type=\"section\" data-e-type=\"section\" data-settings=\"{&quot;stretch_section&quot;:&quot;section-stretched&quot;}\">\n\t\t\t\t\t\t<div class=\"elementor-container elementor-column-gap-no\">\n\t\t\t\t\t<div class=\"elementor-column elementor-col-100 elementor-top-column elementor-element elementor-element-d810af6\" data-id=\"d810af6\" data-element_type=\"column\" data-e-type=\"column\">\n\t\t\t<div class=\"elementor-widget-wrap elementor-element-populated\">\n\t\t\t\t\t\t<div class=\"elementor-element elementor-element-04fd6c8 type-8 elementor-absolute elementor-hidden-laptop elementor-hidden-tablet_extra elementor-hidden-tablet elementor-hidden-mobile_extra elementor-hidden-mobile elementor-invisible elementor-widget elementor-widget-energium_decoration\" data-id=\"04fd6c8\" data-element_type=\"widget\" data-e-type=\"widget\" data-settings=\"{&quot;_position&quot;:&quot;absolute&quot;,&quot;_animation&quot;:&quot;energium_decoration&quot;}\" data-widget_type=\"energium_decoration.default\">\n\t\t\t\t<div class=\"elementor-widget-container\">\n\t\t\t\t\t<div class=\"decoration\"><div class=\"decoration-inner-1\"><div class=\"decoration-inner-2\"><div class=\"decoration-inner-3\"><\/div><\/div><\/div><\/div>\t\t\t\t<\/div>\n\t\t\t\t<\/div>\n\t\t\t\t\t<\/div>\n\t\t<\/div>\n\t\t\t\t\t<\/div>\n\t\t<\/section>\n\t\t\t\t<section class=\"elementor-section elementor-top-section elementor-element elementor-element-1c61f52 elementor-section-stretched elementor-section-boxed elementor-section-height-default elementor-section-height-default\" data-id=\"1c61f52\" data-element_type=\"section\" data-e-type=\"section\" data-settings=\"{&quot;stretch_section&quot;:&quot;section-stretched&quot;,&quot;background_background&quot;:&quot;classic&quot;}\">\n\t\t\t\t\t\t<div class=\"elementor-container elementor-column-gap-extended\">\n\t\t\t\t\t<div class=\"elementor-column elementor-col-50 elementor-top-column elementor-element elementor-element-0f62b34\" data-id=\"0f62b34\" data-element_type=\"column\" data-e-type=\"column\">\n\t\t\t<div class=\"elementor-widget-wrap elementor-element-populated\">\n\t\t\t\t\t\t<div class=\"elementor-element elementor-element-0e2b648 elementor-absolute elementor-widget elementor-widget-image\" data-id=\"0e2b648\" data-element_type=\"widget\" data-e-type=\"widget\" data-settings=\"{&quot;_position&quot;:&quot;absolute&quot;}\" data-widget_type=\"image.default\">\n\t\t\t\t<div class=\"elementor-widget-container\">\n\t\t\t\t\t\t\t\t\t\t\t\t\t\t\t<img fetchpriority=\"high\" decoding=\"async\" width=\"586\" height=\"630\" src=\"https:\/\/www.tektug.com\/wp-content\/uploads\/2022\/01\/home1-bg5.png\" class=\"attachment-full size-full wp-image-655\" alt=\"\" srcset=\"https:\/\/www.tektug.com\/wp-content\/uploads\/2022\/01\/home1-bg5.png 586w, https:\/\/www.tektug.com\/wp-content\/uploads\/2022\/01\/home1-bg5-470x505.png 470w, https:\/\/www.tektug.com\/wp-content\/uploads\/2022\/01\/home1-bg5-279x300.png 279w\" sizes=\"(max-width: 586px) 100vw, 586px\" \/>\t\t\t\t\t\t\t\t\t\t\t\t\t\t\t<\/div>\n\t\t\t\t<\/div>\n\t\t\t\t<div class=\"elementor-element elementor-element-45c3f75 elementor-widget elementor-widget-energium_heading\" data-id=\"45c3f75\" data-element_type=\"widget\" data-e-type=\"widget\" data-widget_type=\"energium_heading.default\">\n\t\t\t\t<div class=\"elementor-widget-container\">\n\t\t\t\t\t<div class=\"energium-heading-widget\"><h1 class=\"energium-heading\"><span class=\"energium-heading-content\">Energy Production and Sales<\/span><\/h1><\/div>\t\t\t\t<\/div>\n\t\t\t\t<\/div>\n\t\t\t\t<section class=\"elementor-section elementor-inner-section elementor-element elementor-element-08759fc elementor-section-full_width elementor-section-height-default elementor-section-height-default\" data-id=\"08759fc\" data-element_type=\"section\" data-e-type=\"section\">\n\t\t\t\t\t\t<div class=\"elementor-container elementor-column-gap-extended\">\n\t\t\t\t\t<div class=\"elementor-column elementor-col-100 elementor-inner-column elementor-element elementor-element-6be8707\" data-id=\"6be8707\" data-element_type=\"column\" data-e-type=\"column\">\n\t\t\t<div class=\"elementor-widget-wrap elementor-element-populated\">\n\t\t\t\t\t\t<div class=\"elementor-element elementor-element-206e2cb elementor-widget elementor-widget-text-editor\" data-id=\"206e2cb\" data-element_type=\"widget\" data-e-type=\"widget\" data-widget_type=\"text-editor.default\">\n\t\t\t\t<div class=\"elementor-widget-container\">\n\t\t\t\t\t\t\t\t\t<p>Founded in 2000, Tektu\u011f Electricity Generation Inc. is one of Turkey's first private sector electricity producers, operating integrated production and energy sales activities through EP\u0130A\u015e (Energy Markets Operating Inc.). The company has continued its operations since the enactment of the Electricity Market Law No. 4628, supplying 100% locally produced, green-certified electricity generated from renewable resources to both private and public sector customers since 2005.<\/p><p>Tektu\u011f Electricity Generation Inc. consciously invests exclusively in domestic renewable sources, aiming for clean energy production while adhering to the principle of sustainability with minimal environmental impact. With a total capacity of 205 MW, the company contributes to eco-friendly energy production through 8 hydropower plants, 1 wind farm, and 6 solar power plants. By 2024, it aims to establish an environmentally friendly portfolio with a capacity of 250 MW.\u00a0<\/p>\t\t\t\t\t\t\t\t<\/div>\n\t\t\t\t<\/div>\n\t\t\t\t<div class=\"elementor-element elementor-element-fbbc249 elementor-align-start elementor-icon-list--layout-traditional elementor-list-item-link-full_width elementor-widget elementor-widget-icon-list\" data-id=\"fbbc249\" data-element_type=\"widget\" data-e-type=\"widget\" data-widget_type=\"icon-list.default\">\n\t\t\t\t<div class=\"elementor-widget-container\">\n\t\t\t\t\t\t\t<ul class=\"elementor-icon-list-items\">\n\t\t\t\t\t\t\t<li class=\"elementor-icon-list-item\">\n\t\t\t\t\t\t\t\t\t\t\t<span class=\"elementor-icon-list-icon\">\n\t\t\t\t\t\t\t<i aria-hidden=\"true\" class=\"fontello icon-tick-square\"><\/i>\t\t\t\t\t\t<\/span>\n\t\t\t\t\t\t\t\t\t\t<span class=\"elementor-icon-list-text\">Tektu\u011f Electricity Generation Inc. plays a pioneering role in sustainably and environmentally friendly meeting Turkey's energy needs. Together with its parent company, \u00c7iltu\u011f Heating Industry Inc., which has 52 years of experience, it has undertaken major dam projects and continues its services in this field.<\/span>\n\t\t\t\t\t\t\t\t\t<\/li>\n\t\t\t\t\t\t<\/ul>\n\t\t\t\t\t\t<\/div>\n\t\t\t\t<\/div>\n\t\t\t\t\t<\/div>\n\t\t<\/div>\n\t\t\t\t\t<\/div>\n\t\t<\/section>\n\t\t\t\t\t<\/div>\n\t\t<\/div>\n\t\t\t\t<div class=\"elementor-column elementor-col-50 elementor-top-column elementor-element elementor-element-2d6ad24\" data-id=\"2d6ad24\" data-element_type=\"column\" data-e-type=\"column\">\n\t\t\t<div class=\"elementor-widget-wrap elementor-element-populated\">\n\t\t\t\t\t\t<div class=\"elementor-element elementor-element-c51cf53 type-9 elementor-absolute elementor-invisible elementor-widget elementor-widget-energium_decoration\" data-id=\"c51cf53\" data-element_type=\"widget\" data-e-type=\"widget\" data-settings=\"{&quot;_position&quot;:&quot;absolute&quot;,&quot;_animation&quot;:&quot;energium_decoration&quot;}\" data-widget_type=\"energium_decoration.default\">\n\t\t\t\t<div class=\"elementor-widget-container\">\n\t\t\t\t\t<div class=\"decoration\"><div class=\"decoration-inner-1\"><div class=\"decoration-inner-2\"><div class=\"decoration-inner-3\"><\/div><\/div><\/div><\/div>\t\t\t\t<\/div>\n\t\t\t\t<\/div>\n\t\t\t\t<div class=\"elementor-element elementor-element-3b93f58 elementor-hidden-mobile_extra elementor-hidden-mobile elementor-widget elementor-widget-image\" data-id=\"3b93f58\" data-element_type=\"widget\" data-e-type=\"widget\" data-widget_type=\"image.default\">\n\t\t\t\t<div class=\"elementor-widget-container\">\n\t\t\t\t\t\t\t\t\t\t\t\t\t\t\t<img decoding=\"async\" width=\"632\" height=\"783\" src=\"https:\/\/www.tektug.com\/wp-content\/uploads\/2022\/02\/services-alt-pic5.jpg\" class=\"attachment-full size-full wp-image-3885\" alt=\"\" srcset=\"https:\/\/www.tektug.com\/wp-content\/uploads\/2022\/02\/services-alt-pic5.jpg 632w, https:\/\/www.tektug.com\/wp-content\/uploads\/2022\/02\/services-alt-pic5-470x582.jpg 470w, https:\/\/www.tektug.com\/wp-content\/uploads\/2022\/02\/services-alt-pic5-242x300.jpg 242w\" sizes=\"(max-width: 632px) 100vw, 632px\" \/>\t\t\t\t\t\t\t\t\t\t\t\t\t\t\t<\/div>\n\t\t\t\t<\/div>\n\t\t\t\t\t<\/div>\n\t\t<\/div>\n\t\t\t\t\t<\/div>\n\t\t<\/section>\n\t\t\t\t<\/div>","protected":false},"excerpt":{"rendered":"<p>2000 y\u0131l\u0131nda kurulan Tektu\u011f Elektrik \u00dcretim A.\u015e., T\u00fcrkiye&#8217;nin ilk \u00f6zel sekt\u00f6r elektrik \u00fcreticilerinden biri olup, EP\u0130A\u015e (Enerji Piyasalar\u0131 \u0130\u015fletme A.\u015e.) arac\u0131l\u0131\u011f\u0131yla \u00fcretim ve enerji sat\u0131\u015f faaliyetlerini entegre bir yap\u0131da s\u00fcrd\u00fcrmektedir. 4628 say\u0131l\u0131 Elektrik Piyasas\u0131 Kanunu&#8217;nun y\u00fcr\u00fcrl\u00fc\u011fe girmesiyle birlikte faaliyetlerine devam eden&#8230;<\/p>","protected":false},"author":1,"featured_media":0,"parent":0,"menu_order":0,"comment_status":"closed","ping_status":"closed","template":"","meta":{"footnotes":""},"class_list":["post-5775","page","type-page","status-publish","hentry"],"_links":{"self":[{"href":"https:\/\/www.tektug.com\/en\/wp-json\/wp\/v2\/pages\/5775","targetHints":{"allow":["GET"]}}],"collection":[{"href":"https:\/\/www.tektug.com\/en\/wp-json\/wp\/v2\/pages"}],"about":[{"href":"https:\/\/www.tektug.com\/en\/wp-json\/wp\/v2\/types\/page"}],"author":[{"embeddable":true,"href":"https:\/\/www.tektug.com\/en\/wp-json\/wp\/v2\/users\/1"}],"replies":[{"embeddable":true,"href":"https:\/\/www.tektug.com\/en\/wp-json\/wp\/v2\/comments?post=5775"}],"version-history":[{"count":3,"href":"https:\/\/www.tektug.com\/en\/wp-json\/wp\/v2\/pages\/5775\/revisions"}],"predecessor-version":[{"id":6546,"href":"https:\/\/www.tektug.com\/en\/wp-json\/wp\/v2\/pages\/5775\/revisions\/6546"}],"wp:attachment":[{"href":"https:\/\/www.tektug.com\/en\/wp-json\/wp\/v2\/media?parent=5775"}],"curies":[{"name":"wp","href":"https:\/\/api.w.org\/{rel}","templated":true}]}}