{"id":5802,"date":"2024-05-04T02:18:58","date_gmt":"2024-05-04T02:18:58","guid":{"rendered":"https:\/\/www.tektug.com\/?page_id=5802"},"modified":"2025-02-02T19:55:10","modified_gmt":"2025-02-02T19:55:10","slug":"karbon-ticareti","status":"publish","type":"page","link":"https:\/\/www.tektug.com\/en\/carbon-trading\/","title":{"rendered":"Carbon Trading"},"content":{"rendered":"<div data-elementor-type=\"wp-page\" data-elementor-id=\"5802\" class=\"elementor elementor-5802\" data-elementor-post-type=\"page\">\n\t\t\t\t\t\t<section class=\"elementor-section elementor-top-section elementor-element elementor-element-1465769 elementor-section-full_width elementor-section-stretched elementor-section-height-default elementor-section-height-default\" data-id=\"1465769\" data-element_type=\"section\" data-e-type=\"section\" data-settings=\"{&quot;stretch_section&quot;:&quot;section-stretched&quot;}\">\n\t\t\t\t\t\t<div class=\"elementor-container elementor-column-gap-no\">\n\t\t\t\t\t<div class=\"elementor-column elementor-col-100 elementor-top-column elementor-element elementor-element-d810af6\" data-id=\"d810af6\" data-element_type=\"column\" data-e-type=\"column\">\n\t\t\t<div class=\"elementor-widget-wrap elementor-element-populated\">\n\t\t\t\t\t\t<div class=\"elementor-element elementor-element-04fd6c8 type-8 elementor-absolute elementor-hidden-laptop elementor-hidden-tablet_extra elementor-hidden-tablet elementor-hidden-mobile_extra elementor-hidden-mobile elementor-invisible elementor-widget elementor-widget-energium_decoration\" data-id=\"04fd6c8\" data-element_type=\"widget\" data-e-type=\"widget\" data-settings=\"{&quot;_position&quot;:&quot;absolute&quot;,&quot;_animation&quot;:&quot;energium_decoration&quot;}\" data-widget_type=\"energium_decoration.default\">\n\t\t\t\t<div class=\"elementor-widget-container\">\n\t\t\t\t\t<div class=\"decoration\"><div class=\"decoration-inner-1\"><div class=\"decoration-inner-2\"><div class=\"decoration-inner-3\"><\/div><\/div><\/div><\/div>\t\t\t\t<\/div>\n\t\t\t\t<\/div>\n\t\t\t\t\t<\/div>\n\t\t<\/div>\n\t\t\t\t\t<\/div>\n\t\t<\/section>\n\t\t\t\t<section class=\"elementor-section elementor-top-section elementor-element elementor-element-1c61f52 elementor-section-stretched elementor-section-boxed elementor-section-height-default elementor-section-height-default\" data-id=\"1c61f52\" data-element_type=\"section\" data-e-type=\"section\" data-settings=\"{&quot;stretch_section&quot;:&quot;section-stretched&quot;,&quot;background_background&quot;:&quot;classic&quot;}\">\n\t\t\t\t\t\t<div class=\"elementor-container elementor-column-gap-extended\">\n\t\t\t\t\t<div class=\"elementor-column elementor-col-50 elementor-top-column elementor-element elementor-element-0f62b34\" data-id=\"0f62b34\" data-element_type=\"column\" data-e-type=\"column\">\n\t\t\t<div class=\"elementor-widget-wrap elementor-element-populated\">\n\t\t\t\t\t\t<div class=\"elementor-element elementor-element-0e2b648 elementor-absolute elementor-widget elementor-widget-image\" data-id=\"0e2b648\" data-element_type=\"widget\" data-e-type=\"widget\" data-settings=\"{&quot;_position&quot;:&quot;absolute&quot;}\" data-widget_type=\"image.default\">\n\t\t\t\t<div class=\"elementor-widget-container\">\n\t\t\t\t\t\t\t\t\t\t\t\t\t\t\t<img fetchpriority=\"high\" decoding=\"async\" width=\"586\" height=\"630\" src=\"https:\/\/www.tektug.com\/wp-content\/uploads\/2022\/01\/home1-bg5.png\" class=\"attachment-full size-full wp-image-655\" alt=\"\" srcset=\"https:\/\/www.tektug.com\/wp-content\/uploads\/2022\/01\/home1-bg5.png 586w, https:\/\/www.tektug.com\/wp-content\/uploads\/2022\/01\/home1-bg5-470x505.png 470w, https:\/\/www.tektug.com\/wp-content\/uploads\/2022\/01\/home1-bg5-279x300.png 279w\" sizes=\"(max-width: 586px) 100vw, 586px\" \/>\t\t\t\t\t\t\t\t\t\t\t\t\t\t\t<\/div>\n\t\t\t\t<\/div>\n\t\t\t\t<div class=\"elementor-element elementor-element-45c3f75 elementor-widget elementor-widget-energium_heading\" data-id=\"45c3f75\" data-element_type=\"widget\" data-e-type=\"widget\" data-widget_type=\"energium_heading.default\">\n\t\t\t\t<div class=\"elementor-widget-container\">\n\t\t\t\t\t<div class=\"energium-heading-widget\"><h1 class=\"energium-heading\"><span class=\"energium-heading-content\">Carbon Trading<\/span><\/h1><\/div>\t\t\t\t<\/div>\n\t\t\t\t<\/div>\n\t\t\t\t<section class=\"elementor-section elementor-inner-section elementor-element elementor-element-08759fc elementor-section-full_width elementor-section-height-default elementor-section-height-default\" data-id=\"08759fc\" data-element_type=\"section\" data-e-type=\"section\">\n\t\t\t\t\t\t<div class=\"elementor-container elementor-column-gap-extended\">\n\t\t\t\t\t<div class=\"elementor-column elementor-col-100 elementor-inner-column elementor-element elementor-element-6be8707\" data-id=\"6be8707\" data-element_type=\"column\" data-e-type=\"column\">\n\t\t\t<div class=\"elementor-widget-wrap elementor-element-populated\">\n\t\t\t\t\t\t<div class=\"elementor-element elementor-element-206e2cb elementor-widget elementor-widget-text-editor\" data-id=\"206e2cb\" data-element_type=\"widget\" data-e-type=\"widget\" data-widget_type=\"text-editor.default\">\n\t\t\t\t<div class=\"elementor-widget-container\">\n\t\t\t\t\t\t\t\t\t<p>Carbon trading is a trading mechanism that has emerged as a solution for reducing greenhouse gas emissions worldwide. Essentially, it involves the buying and selling of emission rights by promoting activities that reduce or absorb greenhouse gas emissions. Here are the main components of carbon trading:<\/p>\t\t\t\t\t\t\t\t<\/div>\n\t\t\t\t<\/div>\n\t\t\t\t<div class=\"elementor-element elementor-element-fbbc249 elementor-align-start elementor-icon-list--layout-traditional elementor-list-item-link-full_width elementor-widget elementor-widget-icon-list\" data-id=\"fbbc249\" data-element_type=\"widget\" data-e-type=\"widget\" data-widget_type=\"icon-list.default\">\n\t\t\t\t<div class=\"elementor-widget-container\">\n\t\t\t\t\t\t\t<ul class=\"elementor-icon-list-items\">\n\t\t\t\t\t\t\t<li class=\"elementor-icon-list-item\">\n\t\t\t\t\t\t\t\t\t\t\t<span class=\"elementor-icon-list-icon\">\n\t\t\t\t\t\t\t<i aria-hidden=\"true\" class=\"fontello icon-tick-square\"><\/i>\t\t\t\t\t\t<\/span>\n\t\t\t\t\t\t\t\t\t\t<span class=\"elementor-icon-list-text\">Emission Targets and Quotas: Countries and companies set a total amount of greenhouse gases that can be emitted into the atmosphere over a specific period. This creates a liability for those who exceed the established emission quota.<\/span>\n\t\t\t\t\t\t\t\t\t<\/li>\n\t\t\t\t\t\t\t\t<li class=\"elementor-icon-list-item\">\n\t\t\t\t\t\t\t\t\t\t\t<span class=\"elementor-icon-list-icon\">\n\t\t\t\t\t\t\t<i aria-hidden=\"true\" class=\"fontello icon-tick-square\"><\/i>\t\t\t\t\t\t<\/span>\n\t\t\t\t\t\t\t\t\t\t<span class=\"elementor-icon-list-text\">Emission Rights and Credits: Those who exceed the established quotas have the opportunity to buy and sell emission rights with those who hold them or to balance their quotas by acquiring emission credits. Emission credits represent the reduction of one ton of CO2 equivalent greenhouse gas emissions.<\/span>\n\t\t\t\t\t\t\t\t\t<\/li>\n\t\t\t\t\t\t\t\t<li class=\"elementor-icon-list-item\">\n\t\t\t\t\t\t\t\t\t\t\t<span class=\"elementor-icon-list-icon\">\n\t\t\t\t\t\t\t<i aria-hidden=\"true\" class=\"fontello icon-tick-square\"><\/i>\t\t\t\t\t\t<\/span>\n\t\t\t\t\t\t\t\t\t\t<span class=\"elementor-icon-list-text\">Trading Market: Carbon trading takes place in a market where emission rights and credits are bought and sold. This trading typically occurs between companies operating in the private sector or from one country to another.<\/span>\n\t\t\t\t\t\t\t\t\t<\/li>\n\t\t\t\t\t\t\t\t<li class=\"elementor-icon-list-item\">\n\t\t\t\t\t\t\t\t\t\t\t<span class=\"elementor-icon-list-icon\">\n\t\t\t\t\t\t\t<i aria-hidden=\"true\" class=\"fontello icon-tick-square\"><\/i>\t\t\t\t\t\t<\/span>\n\t\t\t\t\t\t\t\t\t\t<span class=\"elementor-icon-list-text\">Promotion of Sustainable Projects: Carbon trading provides financing for sustainable projects that reduce or absorb greenhouse gas emissions. These projects may include areas such as wind energy, energy efficiency, and forest conservation.<\/span>\n\t\t\t\t\t\t\t\t\t<\/li>\n\t\t\t\t\t\t\t\t<li class=\"elementor-icon-list-item\">\n\t\t\t\t\t\t\t\t\t\t\t<span class=\"elementor-icon-list-icon\">\n\t\t\t\t\t\t\t<i aria-hidden=\"true\" class=\"fontello icon-tick-square\"><\/i>\t\t\t\t\t\t<\/span>\n\t\t\t\t\t\t\t\t\t\t<span class=\"elementor-icon-list-text\">Global Climate Change Mitigation: Carbon trading is viewed as an effective tool in the fight against global climate change. Companies and countries can control their emissions while simultaneously investing in sustainable projects, thereby reducing their environmental impact.<\/span>\n\t\t\t\t\t\t\t\t\t<\/li>\n\t\t\t\t\t\t<\/ul>\n\t\t\t\t\t\t<\/div>\n\t\t\t\t<\/div>\n\t\t\t\t<div class=\"elementor-element elementor-element-6935203 elementor-widget elementor-widget-spacer\" data-id=\"6935203\" data-element_type=\"widget\" data-e-type=\"widget\" data-widget_type=\"spacer.default\">\n\t\t\t\t<div class=\"elementor-widget-container\">\n\t\t\t\t\t\t\t<div class=\"elementor-spacer\">\n\t\t\t<div class=\"elementor-spacer-inner\"><\/div>\n\t\t<\/div>\n\t\t\t\t\t\t<\/div>\n\t\t\t\t<\/div>\n\t\t\t\t<div class=\"elementor-element elementor-element-af7dccb elementor-widget elementor-widget-text-editor\" data-id=\"af7dccb\" data-element_type=\"widget\" data-e-type=\"widget\" data-widget_type=\"text-editor.default\">\n\t\t\t\t<div class=\"elementor-widget-container\">\n\t\t\t\t\t\t\t\t\t<main id=\"content\" role=\"main\"><div class=\"container overflow-hidden my-4\"><div class=\"row\"><div class=\"col-lg-10\"><div class=\"row\"><div class=\"col-lg-6 aos-init aos-animate\" data-aos=\"fadeIn\" data-aos-delay=\"300\"><p>Carbon trading plays a significant role in the global effort to achieve climate targets. With the growing awareness of sustainable development and environmental responsibilities, carbon trading is becoming an increasingly adopted strategy.<\/p><\/div><\/div><\/div><\/div><\/div><\/main><footer class=\"bg-light\"><div class=\"container pb-1 pb-lg-7\"><div class=\"row content-space-t-2\"><div class=\"col-12 col-lg-3 mb-7 mb-lg-0\">\u00a0<\/div><\/div><\/div><\/footer>\t\t\t\t\t\t\t\t<\/div>\n\t\t\t\t<\/div>\n\t\t\t\t\t<\/div>\n\t\t<\/div>\n\t\t\t\t\t<\/div>\n\t\t<\/section>\n\t\t\t\t\t<\/div>\n\t\t<\/div>\n\t\t\t\t<div class=\"elementor-column elementor-col-50 elementor-top-column elementor-element elementor-element-2d6ad24\" data-id=\"2d6ad24\" data-element_type=\"column\" data-e-type=\"column\">\n\t\t\t<div class=\"elementor-widget-wrap elementor-element-populated\">\n\t\t\t\t\t\t<div class=\"elementor-element elementor-element-c51cf53 type-9 elementor-absolute elementor-invisible elementor-widget elementor-widget-energium_decoration\" data-id=\"c51cf53\" data-element_type=\"widget\" data-e-type=\"widget\" data-settings=\"{&quot;_position&quot;:&quot;absolute&quot;,&quot;_animation&quot;:&quot;energium_decoration&quot;}\" data-widget_type=\"energium_decoration.default\">\n\t\t\t\t<div class=\"elementor-widget-container\">\n\t\t\t\t\t<div class=\"decoration\"><div class=\"decoration-inner-1\"><div class=\"decoration-inner-2\"><div class=\"decoration-inner-3\"><\/div><\/div><\/div><\/div>\t\t\t\t<\/div>\n\t\t\t\t<\/div>\n\t\t\t\t<div class=\"elementor-element elementor-element-3b93f58 elementor-hidden-mobile_extra elementor-hidden-mobile elementor-widget elementor-widget-image\" data-id=\"3b93f58\" data-element_type=\"widget\" data-e-type=\"widget\" data-widget_type=\"image.default\">\n\t\t\t\t<div class=\"elementor-widget-container\">\n\t\t\t\t\t\t\t\t\t\t\t\t\t\t\t<img decoding=\"async\" width=\"632\" height=\"783\" src=\"https:\/\/www.tektug.com\/wp-content\/uploads\/2022\/02\/services-alt-pic5.jpg\" class=\"attachment-full size-full wp-image-3885\" alt=\"\" srcset=\"https:\/\/www.tektug.com\/wp-content\/uploads\/2022\/02\/services-alt-pic5.jpg 632w, https:\/\/www.tektug.com\/wp-content\/uploads\/2022\/02\/services-alt-pic5-470x582.jpg 470w, https:\/\/www.tektug.com\/wp-content\/uploads\/2022\/02\/services-alt-pic5-242x300.jpg 242w\" sizes=\"(max-width: 632px) 100vw, 632px\" \/>\t\t\t\t\t\t\t\t\t\t\t\t\t\t\t<\/div>\n\t\t\t\t<\/div>\n\t\t\t\t\t<\/div>\n\t\t<\/div>\n\t\t\t\t\t<\/div>\n\t\t<\/section>\n\t\t\t\t<section class=\"elementor-section elementor-top-section elementor-element elementor-element-2d9e7cbc elementor-section-boxed elementor-section-height-default elementor-section-height-default\" data-id=\"2d9e7cbc\" data-element_type=\"section\" data-e-type=\"section\">\n\t\t\t\t\t\t<div class=\"elementor-container elementor-column-gap-default\">\n\t\t\t\t\t<div class=\"elementor-column elementor-col-100 elementor-top-column elementor-element elementor-element-45b7ee5e\" data-id=\"45b7ee5e\" data-element_type=\"column\" data-e-type=\"column\">\n\t\t\t<div class=\"elementor-widget-wrap elementor-element-populated\">\n\t\t\t\t\t\t<div class=\"elementor-element elementor-element-58868b85 elementor-widget__width-initial elementor-absolute elementor-hidden-mobile elementor-widget elementor-widget-image\" data-id=\"58868b85\" data-element_type=\"widget\" data-e-type=\"widget\" data-settings=\"{&quot;_position&quot;:&quot;absolute&quot;}\" data-widget_type=\"image.default\">\n\t\t\t\t<div class=\"elementor-widget-container\">\n\t\t\t\t\t\t\t\t\t\t\t\t\t\t\t\t<a href=\"https:\/\/verra.org\/\">\n\t\t\t\t\t\t\t<img decoding=\"async\" width=\"580\" height=\"839\" src=\"https:\/\/www.tektug.com\/wp-content\/uploads\/2024\/07\/754b1b43-b25a-47ee-9f0c-0bdc34ae66e7.png\" class=\"attachment-medium_large size-medium_large wp-image-6178\" alt=\"\" srcset=\"https:\/\/www.tektug.com\/wp-content\/uploads\/2024\/07\/754b1b43-b25a-47ee-9f0c-0bdc34ae66e7.png 580w, https:\/\/www.tektug.com\/wp-content\/uploads\/2024\/07\/754b1b43-b25a-47ee-9f0c-0bdc34ae66e7-207x300.png 207w\" sizes=\"(max-width: 580px) 100vw, 580px\" \/>\t\t\t\t\t\t\t\t<\/a>\n\t\t\t\t\t\t\t\t\t\t\t\t\t\t\t<\/div>\n\t\t\t\t<\/div>\n\t\t\t\t<div class=\"elementor-element elementor-element-ecfb5f9 elementor-widget elementor-widget-energium_heading\" data-id=\"ecfb5f9\" data-element_type=\"widget\" data-e-type=\"widget\" data-widget_type=\"energium_heading.default\">\n\t\t\t\t<div class=\"elementor-widget-container\">\n\t\t\t\t\t<div class=\"energium-heading-widget\"><div class=\"energium-heading\"><span class=\"energium-heading-content\"><span style=\"color: #0dceb5\">Certificates<\/span><\/span><\/div><\/div>\t\t\t\t<\/div>\n\t\t\t\t<\/div>\n\t\t\t\t<div class=\"elementor-element elementor-element-2d1a038e elementor-widget elementor-widget-spacer\" data-id=\"2d1a038e\" data-element_type=\"widget\" data-e-type=\"widget\" data-widget_type=\"spacer.default\">\n\t\t\t\t<div class=\"elementor-widget-container\">\n\t\t\t\t\t\t\t<div class=\"elementor-spacer\">\n\t\t\t<div class=\"elementor-spacer-inner\"><\/div>\n\t\t<\/div>\n\t\t\t\t\t\t<\/div>\n\t\t\t\t<\/div>\n\t\t\t\t<div class=\"elementor-element elementor-element-4dad6801 elementor-widget elementor-widget-image\" data-id=\"4dad6801\" data-element_type=\"widget\" data-e-type=\"widget\" data-widget_type=\"image.default\">\n\t\t\t\t<div class=\"elementor-widget-container\">\n\t\t\t\t\t\t\t\t\t\t\t\t\t\t\t\t<a href=\"https:\/\/verra.org\/\">\n\t\t\t\t\t\t\t<img loading=\"lazy\" decoding=\"async\" width=\"900\" height=\"248\" src=\"https:\/\/www.tektug.com\/wp-content\/uploads\/2024\/05\/VCS-logo.png\" class=\"attachment-full size-full wp-image-5746\" alt=\"\" srcset=\"https:\/\/www.tektug.com\/wp-content\/uploads\/2024\/05\/VCS-logo.png 900w, https:\/\/www.tektug.com\/wp-content\/uploads\/2024\/05\/VCS-logo-300x83.png 300w, https:\/\/www.tektug.com\/wp-content\/uploads\/2024\/05\/VCS-logo-768x212.png 768w\" sizes=\"(max-width: 900px) 100vw, 900px\" \/>\t\t\t\t\t\t\t\t<\/a>\n\t\t\t\t\t\t\t\t\t\t\t\t\t\t\t<\/div>\n\t\t\t\t<\/div>\n\t\t\t\t<div class=\"elementor-element elementor-element-c4a62f8 elementor-widget__width-initial elementor-widget elementor-widget-text-editor\" data-id=\"c4a62f8\" data-element_type=\"widget\" data-e-type=\"widget\" data-widget_type=\"text-editor.default\">\n\t\t\t\t<div class=\"elementor-widget-container\">\n\t\t\t\t\t\t\t\t\t<p><strong>VCS<\/strong>The Verified Carbon Standard (VCS) is an international standard that verifies and certifies projects aimed at reducing greenhouse gas emissions. Operating since 2006, VCS has a global impact by encouraging real, measurable, and permanent emission reductions.<\/p><p><strong>What Can You Do with VCS?<\/strong><\/p><ul><li class=\"translation-block\">Purchase VCS-certified carbon credits to reduce your carbon footprint. Demonstrate your commitment to environmental responsibility and achieve your sustainability goals.<\/li><li class=\"translation-block\">Acquire genuine and traceable carbon credits validated by independent organizations. Transparency and trust are our top priorities.<\/li><li class=\"translation-block\">Reduce greenhouse gas emissions and help mitigate the effects of global warming by investing in VCS-certified projects.<\/li><\/ul><p><strong>Benefits of VCS:<\/strong><\/p><ul><li class=\"translation-block\">VCS is a globally recognized standard, meaning your carbon credits can be easily bought and sold in global markets.<\/li><li class=\"translation-block\">VCS-certified projects undergo rigorous audits by independent third parties, ensuring the accuracy and permanence of emission reductions. \u00a0<\/li><li class=\"translation-block\">VCS covers projects from various sectors, including forestry, renewable energy, and energy efficiency. This allows you to select the project that best suits your needs and priorities.<\/li><\/ul>\t\t\t\t\t\t\t\t<\/div>\n\t\t\t\t<\/div>\n\t\t\t\t<div class=\"elementor-element elementor-element-36230199 elementor-widget elementor-widget-spacer\" data-id=\"36230199\" data-element_type=\"widget\" data-e-type=\"widget\" data-widget_type=\"spacer.default\">\n\t\t\t\t<div class=\"elementor-widget-container\">\n\t\t\t\t\t\t\t<div class=\"elementor-spacer\">\n\t\t\t<div class=\"elementor-spacer-inner\"><\/div>\n\t\t<\/div>\n\t\t\t\t\t\t<\/div>\n\t\t\t\t<\/div>\n\t\t\t\t<div class=\"elementor-element elementor-element-112d2056 elementor-widget elementor-widget-image\" data-id=\"112d2056\" data-element_type=\"widget\" data-e-type=\"widget\" data-widget_type=\"image.default\">\n\t\t\t\t<div class=\"elementor-widget-container\">\n\t\t\t\t\t\t\t\t\t\t\t\t\t\t\t\t<a href=\"https:\/\/verra.org\/\">\n\t\t\t\t\t\t\t<img loading=\"lazy\" decoding=\"async\" width=\"900\" height=\"207\" src=\"https:\/\/www.tektug.com\/wp-content\/uploads\/2024\/05\/Gold-Standard.png\" class=\"attachment-full size-full wp-image-5745\" alt=\"\" srcset=\"https:\/\/www.tektug.com\/wp-content\/uploads\/2024\/05\/Gold-Standard.png 900w, https:\/\/www.tektug.com\/wp-content\/uploads\/2024\/05\/Gold-Standard-300x69.png 300w, https:\/\/www.tektug.com\/wp-content\/uploads\/2024\/05\/Gold-Standard-768x177.png 768w\" sizes=\"(max-width: 900px) 100vw, 900px\" \/>\t\t\t\t\t\t\t\t<\/a>\n\t\t\t\t\t\t\t\t\t\t\t\t\t\t\t<\/div>\n\t\t\t\t<\/div>\n\t\t\t\t<div class=\"elementor-element elementor-element-6d03d86f elementor-widget elementor-widget-spacer\" data-id=\"6d03d86f\" data-element_type=\"widget\" data-e-type=\"widget\" data-widget_type=\"spacer.default\">\n\t\t\t\t<div class=\"elementor-widget-container\">\n\t\t\t\t\t\t\t<div class=\"elementor-spacer\">\n\t\t\t<div class=\"elementor-spacer-inner\"><\/div>\n\t\t<\/div>\n\t\t\t\t\t\t<\/div>\n\t\t\t\t<\/div>\n\t\t\t\t<div class=\"elementor-element elementor-element-232ff976 elementor-widget__width-initial elementor-widget elementor-widget-text-editor\" data-id=\"232ff976\" data-element_type=\"widget\" data-e-type=\"widget\" data-widget_type=\"text-editor.default\">\n\t\t\t\t<div class=\"elementor-widget-container\">\n\t\t\t\t\t\t\t\t\t<p>The Gold Standard is a sub-standard of the Verified Carbon Standard (VCS), also operating since 2006. It is designed for VCS-certified projects that meet the highest, most rigorous standards. Gold Standard certified projects not only reduce greenhouse gas emissions but also provide social and environmental benefits. \u00a0<\/p><p><strong>What Can You Do with the Gold Standard?<\/strong><\/p><ul><li class=\"translation-block\">Demonstrate your commitment to environmental responsibility and achieve your sustainability goals.<\/li><li class=\"translation-block\">Invest in Gold Standard certified projects that drive development in areas such as education, health, and infrastructure. \u00a0<\/li><li class=\"translation-block\">Contribute to mitigating the effects of global warming by selecting the highest impact and most sustainable projects.<\/li><\/ul>\t\t\t\t\t\t\t\t<\/div>\n\t\t\t\t<\/div>\n\t\t\t\t<div class=\"elementor-element elementor-element-1aca5a55 elementor-widget elementor-widget-spacer\" data-id=\"1aca5a55\" data-element_type=\"widget\" data-e-type=\"widget\" data-widget_type=\"spacer.default\">\n\t\t\t\t<div class=\"elementor-widget-container\">\n\t\t\t\t\t\t\t<div class=\"elementor-spacer\">\n\t\t\t<div class=\"elementor-spacer-inner\"><\/div>\n\t\t<\/div>\n\t\t\t\t\t\t<\/div>\n\t\t\t\t<\/div>\n\t\t\t\t<div class=\"elementor-element elementor-element-5fe5c65b elementor-widget elementor-widget-image\" data-id=\"5fe5c65b\" data-element_type=\"widget\" data-e-type=\"widget\" data-widget_type=\"image.default\">\n\t\t\t\t<div class=\"elementor-widget-container\">\n\t\t\t\t\t\t\t\t\t\t\t\t\t\t\t\t<a href=\"https:\/\/verra.org\/\">\n\t\t\t\t\t\t\t<img loading=\"lazy\" decoding=\"async\" width=\"750\" height=\"141\" src=\"https:\/\/www.tektug.com\/wp-content\/uploads\/2024\/07\/IREC-logo.png\" class=\"attachment-full size-full wp-image-6169\" alt=\"\" srcset=\"https:\/\/www.tektug.com\/wp-content\/uploads\/2024\/07\/IREC-logo.png 750w, https:\/\/www.tektug.com\/wp-content\/uploads\/2024\/07\/IREC-logo-300x56.png 300w\" sizes=\"(max-width: 750px) 100vw, 750px\" \/>\t\t\t\t\t\t\t\t<\/a>\n\t\t\t\t\t\t\t\t\t\t\t\t\t\t\t<\/div>\n\t\t\t\t<\/div>\n\t\t\t\t<div class=\"elementor-element elementor-element-2d3e7fa8 elementor-widget elementor-widget-spacer\" data-id=\"2d3e7fa8\" data-element_type=\"widget\" data-e-type=\"widget\" data-widget_type=\"spacer.default\">\n\t\t\t\t<div class=\"elementor-widget-container\">\n\t\t\t\t\t\t\t<div class=\"elementor-spacer\">\n\t\t\t<div class=\"elementor-spacer-inner\"><\/div>\n\t\t<\/div>\n\t\t\t\t\t\t<\/div>\n\t\t\t\t<\/div>\n\t\t\t\t<div class=\"elementor-element elementor-element-67b94911 elementor-widget__width-initial elementor-widget elementor-widget-text-editor\" data-id=\"67b94911\" data-element_type=\"widget\" data-e-type=\"widget\" data-widget_type=\"text-editor.default\">\n\t\t\t\t<div class=\"elementor-widget-container\">\n\t\t\t\t\t\t\t\t\t<p><strong>IREC<\/strong>is an international standard related to electricity generation from renewable energy sources. Operating since 2011, IREC has a global impact by promoting clean energy use and increasing investments in renewable energy sources. \u00a0<\/p><p><strong>What Can You Do with IREC?<\/strong><\/p><ul><li class=\"translation-block\">Prove that your company or organization uses electricity from renewable energy sources with IREC certificates. \u00a0<\/li><li class=\"translation-block\">Purchase IREC-certified energy to reduce your carbon footprint and fulfill your environmental responsibilities. \u00a0<\/li><li class=\"translation-block\">Increase the demand for renewable energy sources, reduce greenhouse gas emissions, and help mitigate the effects of global warming.<\/li><\/ul>\t\t\t\t\t\t\t\t<\/div>\n\t\t\t\t<\/div>\n\t\t\t\t\t<\/div>\n\t\t<\/div>\n\t\t\t\t\t<\/div>\n\t\t<\/section>\n\t\t\t\t<\/div>","protected":false},"excerpt":{"rendered":"<p>Karbon ticareti, d\u00fcnya genelinde sera gaz\u0131 emisyonlar\u0131n\u0131n azalt\u0131lmas\u0131na y\u00f6nelik bir \u00e7\u00f6z\u00fcm olarak ortaya \u00e7\u0131kan bir ticaret mekanizmas\u0131d\u0131r. Temelde, sera gaz\u0131 emisyonlar\u0131n\u0131 azaltan veya absorbe eden faaliyetleri te\u015fvik ederek, emisyon haklar\u0131n\u0131n al\u0131n\u0131p sat\u0131lmas\u0131n\u0131 i\u00e7erir. \u0130\u015fte karbon ticaretinin ana unsurlar\u0131: Emisyon Hedefleri ve&#8230;<\/p>","protected":false},"author":1,"featured_media":0,"parent":0,"menu_order":0,"comment_status":"closed","ping_status":"closed","template":"","meta":{"footnotes":""},"class_list":["post-5802","page","type-page","status-publish","hentry"],"_links":{"self":[{"href":"https:\/\/www.tektug.com\/en\/wp-json\/wp\/v2\/pages\/5802","targetHints":{"allow":["GET"]}}],"collection":[{"href":"https:\/\/www.tektug.com\/en\/wp-json\/wp\/v2\/pages"}],"about":[{"href":"https:\/\/www.tektug.com\/en\/wp-json\/wp\/v2\/types\/page"}],"author":[{"embeddable":true,"href":"https:\/\/www.tektug.com\/en\/wp-json\/wp\/v2\/users\/1"}],"replies":[{"embeddable":true,"href":"https:\/\/www.tektug.com\/en\/wp-json\/wp\/v2\/comments?post=5802"}],"version-history":[{"count":3,"href":"https:\/\/www.tektug.com\/en\/wp-json\/wp\/v2\/pages\/5802\/revisions"}],"predecessor-version":[{"id":6555,"href":"https:\/\/www.tektug.com\/en\/wp-json\/wp\/v2\/pages\/5802\/revisions\/6555"}],"wp:attachment":[{"href":"https:\/\/www.tektug.com\/en\/wp-json\/wp\/v2\/media?parent=5802"}],"curies":[{"name":"wp","href":"https:\/\/api.w.org\/{rel}","templated":true}]}}