{"id":5869,"date":"2024-05-04T14:51:56","date_gmt":"2024-05-04T14:51:56","guid":{"rendered":"https:\/\/www.tektug.com\/?page_id=5869"},"modified":"2025-02-02T20:05:30","modified_gmt":"2025-02-02T20:05:30","slug":"haberler","status":"publish","type":"page","link":"https:\/\/www.tektug.com\/en\/news\/","title":{"rendered":"News"},"content":{"rendered":"<div data-elementor-type=\"wp-page\" data-elementor-id=\"5869\" class=\"elementor elementor-5869\" data-elementor-post-type=\"page\">\n\t\t\t\t\t\t<section class=\"elementor-section elementor-top-section elementor-element elementor-element-2a50a36 elementor-section-boxed elementor-section-height-default elementor-section-height-default\" data-id=\"2a50a36\" data-element_type=\"section\" data-e-type=\"section\">\n\t\t\t\t\t\t<div class=\"elementor-container elementor-column-gap-default\">\n\t\t\t\t\t<div class=\"elementor-column elementor-col-100 elementor-top-column elementor-element elementor-element-e3b0cb5\" data-id=\"e3b0cb5\" data-element_type=\"column\" data-e-type=\"column\">\n\t\t\t<div class=\"elementor-widget-wrap elementor-element-populated\">\n\t\t\t\t\t\t<div class=\"elementor-element elementor-element-ec3f241 elementor-widget elementor-widget-energium_heading\" data-id=\"ec3f241\" data-element_type=\"widget\" data-e-type=\"widget\" data-widget_type=\"energium_heading.default\">\n\t\t\t\t<div class=\"elementor-widget-container\">\n\t\t\t\t\t<div class=\"energium-heading-widget\"><h1 class=\"energium-heading\"><span class=\"energium-heading-content\">News<\/span><\/h1><\/div>\t\t\t\t<\/div>\n\t\t\t\t<\/div>\n\t\t\t\t\t<\/div>\n\t\t<\/div>\n\t\t\t\t\t<\/div>\n\t\t<\/section>\n\t\t\t\t<section class=\"elementor-section elementor-top-section elementor-element elementor-element-5332112 elementor-section-boxed elementor-section-height-default elementor-section-height-default\" data-id=\"5332112\" data-element_type=\"section\" data-e-type=\"section\">\n\t\t\t\t\t\t<div class=\"elementor-container elementor-column-gap-default\">\n\t\t\t\t\t<div class=\"elementor-column elementor-col-100 elementor-top-column elementor-element elementor-element-8698f7a\" data-id=\"8698f7a\" data-element_type=\"column\" data-e-type=\"column\">\n\t\t\t<div class=\"elementor-widget-wrap elementor-element-populated\">\n\t\t\t\t\t\t<div class=\"elementor-element elementor-element-322a9dc elementor-widget elementor-widget-energium_blog_listing\" data-id=\"322a9dc\" data-element_type=\"widget\" data-e-type=\"widget\" data-widget_type=\"energium_blog_listing.default\">\n\t\t\t\t<div class=\"elementor-widget-container\">\n\t\t\t\t\t\n        <div class=\"archive-listing\" data-ajax='{&quot;post_type&quot;:&quot;post&quot;,&quot;post_status&quot;:&quot;publish&quot;,&quot;posts_per_page&quot;:9,&quot;orderby&quot;:&quot;date&quot;,&quot;order&quot;:&quot;desc&quot;,&quot;paged&quot;:1,&quot;category_name&quot;:&quot;&quot;,&quot;tag&quot;:&quot;&quot;,&quot;post__in&quot;:&quot;&quot;,&quot;ignore_sticky_posts&quot;:false,&quot;link_base&quot;:&quot;https:\\\/\\\/www.tektug.com\\\/en\\\/wp-json\\\/wp\\\/v2\\\/pages\\\/5869&quot;}' data-widget='{&quot;excerpt_length&quot;:81,&quot;show_cat&quot;:&quot;yes&quot;,&quot;show_media&quot;:&quot;yes&quot;,&quot;show_author&quot;:&quot;&quot;,&quot;show_date&quot;:&quot;yes&quot;,&quot;show_title&quot;:&quot;yes&quot;,&quot;show_tags&quot;:&quot;no&quot;,&quot;show_excerpt&quot;:&quot;yes&quot;,&quot;show_read_more&quot;:&quot;yes&quot;,&quot;read_more_text&quot;:&quot;Haberi Oku&quot;,&quot;item_class&quot;:&quot;post grid-item grid-blog-item-wrapper&quot;,&quot;columns_number&quot;:3}'>\n            <div class=\"archive-listing-wrapper grid-listing columns-3\">\n                \r\n<div class=\"standard-blog-item-wrapper post grid-item grid-blog-item-wrapper post-6217 type-post status-publish format-standard has-post-thumbnail hentry category-trt1-radyonun-gundem-enerji\">\r\n    <div class=\"blog-item item-with-date\">\r\n        <div class=\"post-media-wrapper\"><a href=\"https:\/\/www.tektug.com\/en\/elvan-tugsuz-guven-appeared-on-trt1-radios-gundem-enerji-program\/\"><picture><source media=\"(max-width: 575px)\" sizes=\"(max-width: 535px) 535px\" srcset=\"https:\/\/www.tektug.com\/wp-content\/uploads\/2024\/07\/Resim1-535x400.jpg 535w\"><source media=\"(max-width: 991px)\" sizes=\"(max-width: 951px) 951px\" srcset=\"https:\/\/www.tektug.com\/wp-content\/uploads\/2024\/07\/Resim1-440x398.jpg 951w\"><img decoding=\"async\" alt=\"Resim1\" title=\"Resim1\" src=\"https:\/\/www.tektug.com\/wp-content\/uploads\/2024\/07\/Resim1-600x543.jpg\" class=\"attachment-energium_post_grid_3_columns size-energium_post_grid_3_columns wp-post-image\" \/><\/picture><\/a><\/div><div class=\"post-labels\"><div class=\"post-categories\"><a class=\"post-category-item\" href=\"https:\/\/www.tektug.com\/en\/category\/trt1-radyonun-gundem-enerji\/\">TRT1 Radio's \"Agenda Energy\u201d<\/a><\/div><\/div><div class=\"post-meta-header\"><div class=\"post-meta-item post-meta-item-date\"><a href=\"https:\/\/www.tektug.com\/en\/2024\/05\/27\/\">May 27, 2024<\/a><\/div><\/div><h4 class=\"post-title\"><a href=\"https:\/\/www.tektug.com\/en\/elvan-tugsuz-guven-appeared-on-trt1-radios-gundem-enerji-program\/\">Elvan Tu\u011fsuz G\u00fcven Appeared on TRT1 Radio\u2019s \u201cG\u00fcndem Enerji\u201d Program<\/a><\/h4><div class=\"post-content\">TEKTU\u011e ELEKTR\u0130K \u00dcRET\u0130M A.\u015e. HES\u0130AD Board Member and President Elva<\/div><div class=\"post-more-button\"><a href=\"https:\/\/www.tektug.com\/en\/elvan-tugsuz-guven-appeared-on-trt1-radios-gundem-enerji-program\/\"><span>Read The News<\/span><svg viewbox=\"0 0 13 20\"><polyline points=\"0.5 19.5 3 19.5 12.5 10 3 0.5\" \/><\/svg><\/a><\/div>    <\/div>\r\n<\/div>\r\n<div class=\"standard-blog-item-wrapper post grid-item grid-blog-item-wrapper post-6224 type-post status-publish format-standard has-post-thumbnail hentry category-guyad-ikinci-yuzyilin-enerji-sohbetleri\">\r\n    <div class=\"blog-item item-with-date\">\r\n        <div class=\"post-media-wrapper\"><a href=\"https:\/\/www.tektug.com\/en\/guyad-hosted-women-professionals-in-the-energy-sector-at-the-energy-talks-of-the-second-century\/\"><picture><source media=\"(max-width: 575px)\" sizes=\"(max-width: 535px) 535px\" srcset=\"https:\/\/www.tektug.com\/wp-content\/uploads\/2024\/07\/1710026857198-535x400.png 535w\"><source media=\"(max-width: 991px)\" sizes=\"(max-width: 951px) 951px\" srcset=\"https:\/\/www.tektug.com\/wp-content\/uploads\/2024\/07\/1710026857198-440x398.png 951w\"><img decoding=\"async\" alt=\"1710026857198\" title=\"1710026857198\" src=\"https:\/\/www.tektug.com\/wp-content\/uploads\/2024\/07\/1710026857198-600x543.png\" class=\"attachment-energium_post_grid_3_columns size-energium_post_grid_3_columns wp-post-image\" \/><\/picture><\/a><\/div><div class=\"post-labels\"><div class=\"post-categories\"><a class=\"post-category-item\" href=\"https:\/\/www.tektug.com\/en\/category\/guyad-ikinci-yuzyilin-enerji-sohbetleri\/\">G\u00dcYAD, \"Energy Conversations of the Second Century<\/a><\/div><\/div><div class=\"post-meta-header\"><div class=\"post-meta-item post-meta-item-date\"><a href=\"https:\/\/www.tektug.com\/en\/2024\/03\/08\/\">March 8, 2024<\/a><\/div><\/div><h4 class=\"post-title\"><a href=\"https:\/\/www.tektug.com\/en\/guyad-hosted-women-professionals-in-the-energy-sector-at-the-energy-talks-of-the-second-century\/\">G\u00dcYAD Hosted Women Professionals in the Energy Sector at the \u201cEnergy Talks of the Second Century\u201d!<\/a><\/h4><div class=\"post-content\">8 Mart D\u00fcnya Kad\u0131nlar G\u00fcn\u00fc \u00f6zel program\u0131nda G\u00dcYAD, &#8220;\u0130kinci Y\u00fczy\u0131l<\/div><div class=\"post-more-button\"><a href=\"https:\/\/www.tektug.com\/en\/guyad-hosted-women-professionals-in-the-energy-sector-at-the-energy-talks-of-the-second-century\/\"><span>Read The News<\/span><svg viewbox=\"0 0 13 20\"><polyline points=\"0.5 19.5 3 19.5 12.5 10 3 0.5\" \/><\/svg><\/a><\/div>    <\/div>\r\n<\/div>\r\n<div class=\"standard-blog-item-wrapper post grid-item grid-blog-item-wrapper post-210 type-post status-publish format-standard has-post-thumbnail hentry category-13-turkiye-enerji-zirvesi\">\r\n    <div class=\"blog-item item-with-date\">\r\n        <div class=\"post-media-wrapper\"><a href=\"https:\/\/www.tektug.com\/en\/women-leadership-at-the-turkey-energy-summit-emphasis-by-elvan-tugsuz-guven\/\"><picture><source media=\"(max-width: 575px)\" sizes=\"(max-width: 535px) 535px\" srcset=\"https:\/\/www.tektug.com\/wp-content\/uploads\/2024\/04\/hesiad-sunum-535x400.jpg 535w\"><source media=\"(max-width: 991px)\" sizes=\"(max-width: 951px) 951px\" srcset=\"https:\/\/www.tektug.com\/wp-content\/uploads\/2024\/04\/hesiad-sunum-440x398.jpg 951w\"><img decoding=\"async\" alt=\"hesiad-sunum\" title=\"hesiad-sunum\" src=\"https:\/\/www.tektug.com\/wp-content\/uploads\/2024\/04\/hesiad-sunum-600x543.jpg\" class=\"attachment-energium_post_grid_3_columns size-energium_post_grid_3_columns wp-post-image\" \/><\/picture><\/a><\/div><div class=\"post-labels\"><div class=\"post-categories\"><a class=\"post-category-item\" href=\"https:\/\/www.tektug.com\/en\/category\/13-turkiye-enerji-zirvesi\/\">13. Turkey Energy Summit<\/a><\/div><\/div><div class=\"post-meta-header\"><div class=\"post-meta-item post-meta-item-date\"><a href=\"https:\/\/www.tektug.com\/en\/2023\/11\/28\/\">November 28, 2023<\/a><\/div><\/div><h4 class=\"post-title\"><a href=\"https:\/\/www.tektug.com\/en\/women-leadership-at-the-turkey-energy-summit-emphasis-by-elvan-tugsuz-guven\/\">Women Leadership at the Turkey Energy Summit: Emphasis by Elvan Tu\u011fsuz G\u00fcven<\/a><\/h4><div class=\"post-content\">\u00a013.&#8217;s\u00fc ger\u00e7ekle\u015ftirilen T\u00fcrkiye Enerji Zirvesi&#8217;nde &#8220;T\u00fcrk<\/div><div class=\"post-more-button\"><a href=\"https:\/\/www.tektug.com\/en\/women-leadership-at-the-turkey-energy-summit-emphasis-by-elvan-tugsuz-guven\/\"><span>Read The News<\/span><svg viewbox=\"0 0 13 20\"><polyline points=\"0.5 19.5 3 19.5 12.5 10 3 0.5\" \/><\/svg><\/a><\/div>    <\/div>\r\n<\/div>\r\n<div class=\"standard-blog-item-wrapper post grid-item grid-blog-item-wrapper post-211 type-post status-publish format-standard has-post-thumbnail hentry category-17-eif-dunya-enerji-kongresi\">\r\n    <div class=\"blog-item item-with-date\">\r\n        <div class=\"post-media-wrapper\"><a href=\"https:\/\/www.tektug.com\/en\/eif-world-energy-congress\/\"><picture><source media=\"(max-width: 575px)\" sizes=\"(max-width: 535px) 535px\" srcset=\"https:\/\/www.tektug.com\/wp-content\/uploads\/2024\/04\/eif-oturumu-535x400.jpg 535w\"><source media=\"(max-width: 991px)\" sizes=\"(max-width: 951px) 951px\" srcset=\"https:\/\/www.tektug.com\/wp-content\/uploads\/2024\/04\/eif-oturumu-440x398.jpg 951w\"><img decoding=\"async\" alt=\"eif-oturumu\" title=\"eif-oturumu\" src=\"https:\/\/www.tektug.com\/wp-content\/uploads\/2024\/04\/eif-oturumu-600x543.jpg\" class=\"attachment-energium_post_grid_3_columns size-energium_post_grid_3_columns wp-post-image\" \/><\/picture><\/a><\/div><div class=\"post-labels\"><div class=\"post-categories\"><a class=\"post-category-item\" href=\"https:\/\/www.tektug.com\/en\/category\/17-eif-dunya-enerji-kongresi\/\">17. EIF D\u00fcnya Enerji Kongresi<\/a><\/div><\/div><div class=\"post-meta-header\"><div class=\"post-meta-item post-meta-item-date\"><a href=\"https:\/\/www.tektug.com\/en\/2023\/11\/18\/\">November 18, 2023<\/a><\/div><\/div><h4 class=\"post-title\"><a href=\"https:\/\/www.tektug.com\/en\/eif-world-energy-congress\/\">At the 17th EIF World Energy Congress, Elvan Tu\u011fsuz G\u00fcven Discussed Future Projections in the Hydropower and Pumped Storage Session<\/a><\/h4><div class=\"post-content\">Elvan Tu\u011fsuz G\u00fcven, 17. EIF D\u00fcnya Enerji Kongresi ve Fuar\u0131 kapsam\u0131nda yap\u0131l<\/div><div class=\"post-more-button\"><a href=\"https:\/\/www.tektug.com\/en\/eif-world-energy-congress\/\"><span>Read The News<\/span><svg viewbox=\"0 0 13 20\"><polyline points=\"0.5 19.5 3 19.5 12.5 10 3 0.5\" \/><\/svg><\/a><\/div>    <\/div>\r\n<\/div>\r\n<div class=\"standard-blog-item-wrapper post grid-item grid-blog-item-wrapper post-212 type-post status-publish format-standard has-post-thumbnail hentry category-hesiad-yk-toplantisi\">\r\n    <div class=\"blog-item item-with-date\">\r\n        <div class=\"post-media-wrapper\"><a href=\"https:\/\/www.tektug.com\/en\/important-decisions-made-at-hesiad-board-meeting\/\"><picture><source media=\"(max-width: 575px)\" sizes=\"(max-width: 535px) 535px\" srcset=\"https:\/\/www.tektug.com\/wp-content\/uploads\/2021\/12\/elvan-guven-535x400.jpg 535w\"><source media=\"(max-width: 991px)\" sizes=\"(max-width: 951px) 951px\" srcset=\"https:\/\/www.tektug.com\/wp-content\/uploads\/2021\/12\/elvan-guven-440x398.jpg 951w\"><img decoding=\"async\" alt=\"elvan-guven\" title=\"elvan-guven\" src=\"https:\/\/www.tektug.com\/wp-content\/uploads\/2021\/12\/elvan-guven-600x543.jpg\" class=\"attachment-energium_post_grid_3_columns size-energium_post_grid_3_columns wp-post-image\" \/><\/picture><\/a><\/div><div class=\"post-labels\"><div class=\"post-categories\"><a class=\"post-category-item\" href=\"https:\/\/www.tektug.com\/en\/category\/hesiad-yk-toplantisi\/\">HES\u0130AD YK Toplant\u0131s\u0131<\/a><\/div><\/div><div class=\"post-meta-header\"><div class=\"post-meta-item post-meta-item-date\"><a href=\"https:\/\/www.tektug.com\/en\/2023\/10\/20\/\">October 20, 2023<\/a><\/div><\/div><h4 class=\"post-title\"><a href=\"https:\/\/www.tektug.com\/en\/important-decisions-made-at-hesiad-board-meeting\/\">Important Decisions Made at HES\u0130AD Board Meeting<\/a><\/h4><div class=\"post-content\">Hidroelektrik Sanayicileri Derne\u011fi (HES\u0130AD), 27 Eyl\u00fcl 2023 tarihinde d\u00fczenlen<\/div><div class=\"post-more-button\"><a href=\"https:\/\/www.tektug.com\/en\/important-decisions-made-at-hesiad-board-meeting\/\"><span>Read The News<\/span><svg viewbox=\"0 0 13 20\"><polyline points=\"0.5 19.5 3 19.5 12.5 10 3 0.5\" \/><\/svg><\/a><\/div>    <\/div>\r\n<\/div>            <\/div>\n\n            <div class=\"content-pagination\"><nav class=\"pagination\"><div class=\"nav-links\"><\/div><\/nav><\/div>        <\/div>\n        \t\t\t\t<\/div>\n\t\t\t\t<\/div>\n\t\t\t\t\t<\/div>\n\t\t<\/div>\n\t\t\t\t\t<\/div>\n\t\t<\/section>\n\t\t\t\t<\/div>","protected":false},"excerpt":{"rendered":"","protected":false},"author":1,"featured_media":0,"parent":0,"menu_order":0,"comment_status":"closed","ping_status":"closed","template":"","meta":{"footnotes":""},"class_list":["post-5869","page","type-page","status-publish","hentry"],"_links":{"self":[{"href":"https:\/\/www.tektug.com\/en\/wp-json\/wp\/v2\/pages\/5869","targetHints":{"allow":["GET"]}}],"collection":[{"href":"https:\/\/www.tektug.com\/en\/wp-json\/wp\/v2\/pages"}],"about":[{"href":"https:\/\/www.tektug.com\/en\/wp-json\/wp\/v2\/types\/page"}],"author":[{"embeddable":true,"href":"https:\/\/www.tektug.com\/en\/wp-json\/wp\/v2\/users\/1"}],"replies":[{"embeddable":true,"href":"https:\/\/www.tektug.com\/en\/wp-json\/wp\/v2\/comments?post=5869"}],"version-history":[{"count":3,"href":"https:\/\/www.tektug.com\/en\/wp-json\/wp\/v2\/pages\/5869\/revisions"}],"predecessor-version":[{"id":6564,"href":"https:\/\/www.tektug.com\/en\/wp-json\/wp\/v2\/pages\/5869\/revisions\/6564"}],"wp:attachment":[{"href":"https:\/\/www.tektug.com\/en\/wp-json\/wp\/v2\/media?parent=5869"}],"curies":[{"name":"wp","href":"https:\/\/api.w.org\/{rel}","templated":true}]}}